{"id":354,"date":"2025-11-02T11:30:52","date_gmt":"2025-11-02T11:30:52","guid":{"rendered":"https:\/\/www.lf-metal.fr\/?page_id=354"},"modified":"2026-01-20T23:12:22","modified_gmt":"2026-01-20T23:12:22","slug":"nos-prestations","status":"publish","type":"page","link":"https:\/\/www.lf-metal.fr\/?page_id=354","title":{"rendered":"Nos prestations"},"content":{"rendered":"<div class=\"brz brz-root__container brz-reset-all brz-root__container-page\">\n<section id=\"qGnpxBu7zFjf_qGnpxBu7zFjf\" class=\"brz-section brz-css-jax5ju brz-css-1fpg3j0\">\n<div class=\"brz-section__content brz-section--boxed brz-css-1wikjbb brz-css-1it8s1w\" data-brz-custom-id=\"vdvF5E8bBu88\">\n<div class=\"brz-bg\">\n<div class=\"brz-bg-image\"><\/div>\n<div class=\"brz-bg-color\"><\/div>\n<\/div>\n<div class=\"brz-container brz-css-17n4wt4 brz-css-fwqp3u\">\n<div class=\"brz-row__container brz-css-fuhicp brz-css-5bfked\" data-brz-custom-id=\"hw0WyjYGTG7Y\">\n<div class=\"brz-row brz-css-vxv1vl brz-css-16kvbqz brz-css-ladzjt\">\n<div class=\"brz-columns brz-css-100sydj brz-css-1x0qqzj\" data-brz-custom-id=\"aBaLFlp_4rco\">\n<div class=\"brz-column__items brz-css-1gcwt9d brz-css-drerwz\">\n<div id=\"\" class=\"brz-css-jm61i3 brz-css-uep3dm brz-wrapper\">\n<div class=\"brz-rich-text brz-rich-text__custom brz-css-1xbnog6 brz-css-1vfzn8g\" data-brz-custom-id=\"dOR5tmTpPn5F\">\n<div data-brz-translate-text=\"1\">\n<h1 class=\"brz-tp-lg-heading1 brz-text-xs-center brz-text-lg-center brz-css-p5vm2\" data-generated-css=\"brz-css-p2ch5\" data-uniq-id=\"dkEhk\"><span class=\"brz-cp-color8\">NOS PRESTATIONS<\/span><\/h1>\n<\/div>\n<\/div>\n<\/div>\n<\/div>\n<\/div>\n<\/div>\n<\/div>\n<\/div>\n<\/div>\n<\/section>\n<section id=\"m5ggdiITs6Gd_m5ggdiITs6Gd\" class=\"brz-section brz-css-d-section brz-css-14lw9ya\">\n<div class=\"brz-section__content brz-section--boxed brz-css-d-sectionitem-bg brz-css-q274v6\" data-brz-custom-id=\"xI85Dy8aIPiS\">\n<div class=\"brz-bg\">\n<div class=\"brz-bg-color\"><\/div>\n<\/div>\n<div class=\"brz-container brz-css-d-sectionitem-container brz-css-1e9etb3\">\n<div class=\"brz-row__container brz-css-d-row-row brz-css-oc98fe\" data-brz-custom-id=\"yZ7lDh4mO0Pl\">\n<div class=\"brz-row brz-css-d-row-container brz-css-r-row-container brz-css-tshnj5\">\n<div class=\"brz-columns brz-css-d-column-column brz-css-1yuoqn7\" data-brz-custom-id=\"rtooR9fJoG_K\">\n<div class=\"brz-column__items brz-css-d-column-bg brz-css-1oaxajw\">\n<div id=\"\" class=\"brz-css-d-wrapper brz-css-18p9urn brz-wrapper fade-in-right\">\n<div class=\"brz-image brz-css-d-image-ut5d_xvrvwln-parent brz-css-41hy43\" data-brz-custom-id=\"uT5d_XVRvWLN\"><img decoding=\"async\" class=\"brz-img\" src=\"https:\/\/www.lf-metal.fr\/?brizy_media=wp-31ab825ec6dd51f0e68a87ae65407ead.png&amp;brizy_crop=iW%3D438%26iH%3D876%26oX%3D0%26oY%3D0%26cW%3D438%26cH%3D718\" loading=\"lazy\" title=\"\"><\/div>\n<\/div>\n<\/div>\n<\/div>\n<div class=\"brz-columns brz-css-d-column-column brz-css-n2wb1y\" data-brz-custom-id=\"kIWKJM45PF6U\">\n<div class=\"brz-column__items brz-css-d-column-bg brz-css-8xn6ez\">\n<div id=\"\" class=\"brz-css-d-wrapper brz-css-m5eseo brz-wrapper\">\n<div class=\"brz-rich-text brz-rich-text__custom brz-css-d-richtext brz-css-wiejki\" data-brz-custom-id=\"omGBrKAlaH9m\">\n<div data-brz-translate-text=\"1\">\n<h3 class=\"brz-tp-lg-heading3 brz-css-ebnMO\" data-generated-css=\"brz-css-bH65R\" data-uniq-id=\"yKGhw\"><span class=\"brz-cp-color8\">Chaudronnerie industrielle<\/span><\/h3>\n<\/div>\n<\/div>\n<\/div>\n<div id=\"\" class=\"brz-css-d-wrapper brz-css-1hu352p brz-wrapper\">\n<div class=\"brz-rich-text brz-rich-text__custom brz-css-d-richtext brz-css-16kadw0\" data-brz-custom-id=\"nqyc4DQXgs08\">\n<div data-brz-translate-text=\"1\">\n<p class=\"brz-tp-lg-empty brz-ff-barlow_condensed brz-ft-google brz-fs-lg-20 brz-fss-lg-px brz-fw-lg-400 brz-ls-lg-0 brz-lh-lg-1_9 brz-vfw-lg-400 brz-fwdth-lg-100 brz-fsft-lg-0 brz-css-xvPTA\" data-generated-css=\"brz-css-hoLQj\" data-uniq-id=\"qIMZU\"><strong class=\"brz-cp-color8\">LF M\u00c9TAL<\/strong><span class=\"brz-cp-color8\"> assure la<\/span><strong class=\"brz-cp-color8\">&nbsp;<\/strong><span class=\"brz-cp-color8\">modification, la r\u00e9paration ou la fabrication sur mesure de vos ouvrages chaudronn\u00e9s. Nous intervenons sur diff\u00e9rents types de r\u00e9alisations telles que <\/span><strong class=\"brz-cp-color8\">petites cuves, silos <\/strong><span class=\"brz-cp-color8\">(jusqu\u2019\u00e0 3 m\u00e8tres de hauteur pour une fabrication \u00e0 neuf)<\/span><strong class=\"brz-cp-color8\">, tr\u00e9mies, auges, carters de s\u00e9curit\u00e9, \u00e9l\u00e9ments de tuyauterie, ch\u00e2ssis de machines ou autres besoins sur mesure.<\/strong>  <span class=\"brz-cp-color8\">Nos fabrications sont r\u00e9alis\u00e9es dans les mat\u00e9riaux les plus adapt\u00e9s \u00e0 vos besoins : <\/span><strong class=\"brz-cp-color8\">acier peint ou galvanis\u00e9, acier inoxydable ou aluminium<\/strong><span class=\"brz-cp-color8\">.<\/span> <span class=\"brz-cp-color8\">Nous prenons \u00e9videmment en charge la pose sur site<\/span><strong class=\"brz-cp-color8\">, <\/strong><span class=\"brz-cp-color8\">en nous<\/span><strong class=\"brz-cp-color8\">&nbsp;<\/strong><span class=\"brz-cp-color8\">adaptant \u00e0 vos imp\u00e9ratifs&nbsp;de production<\/span><strong class=\"brz-cp-color8\">.<\/strong><\/p>\n<\/div>\n<\/div>\n<\/div>\n<div id=\"\" class=\"brz-css-d-wrapper brz-css-r-wrapper brz-css-c4geiu brz-wrapper\">\n<div class=\"brz-spacer brz-css-d-spacer brz-css-kstud8\"><\/div>\n<\/div>\n<\/div>\n<\/div>\n<\/div>\n<\/div>\n<\/div>\n<\/div>\n<\/section>\n<section id=\"cWAY7w0MdDsb_cWAY7w0MdDsb\" class=\"brz-section brz-css-syewyb brz-css-cj7gka\">\n<div class=\"brz-section__content brz-section--boxed brz-css-n0q6vk brz-css-1k0lmon\" data-brz-custom-id=\"e6uWbBK4iZBh\">\n<div class=\"brz-bg\">\n<div class=\"brz-bg-color\"><\/div>\n<\/div>\n<div class=\"brz-container brz-css-1oq5e9r brz-css-doyjq3\">\n<div class=\"brz-row__container brz-css-l0qpo1 brz-css-1z1y7g\" data-brz-custom-id=\"fILJD7tnRsie\">\n<div class=\"brz-row brz-css-ny5det brz-css-lrn479 brz-css-mac1es\">\n<div class=\"brz-columns brz-css-s4p60o brz-css-1ukt4ps\" data-brz-custom-id=\"flpi9Hm5enPi\">\n<div class=\"brz-column__items brz-css-1uk7agu brz-css-1rq9hr1\">\n<div id=\"\" class=\"brz-css-1hxhm7d brz-css-1toe9qu brz-wrapper\">\n<div class=\"brz-rich-text brz-rich-text__custom brz-css-p7jptv brz-css-1rt5ipz\" data-brz-custom-id=\"f9KmAGQRkZAb\">\n<div data-brz-translate-text=\"1\">\n<h3 class=\"brz-tp-lg-heading3 brz-css-grBXa\" data-uniq-id=\"xGG6p\" data-generated-css=\"brz-css-shSzW\"><span class=\"brz-cp-color8\">M\u00e9tallerie<\/span><\/h3>\n<\/div>\n<\/div>\n<\/div>\n<div id=\"\" class=\"brz-css-1hxhm7d brz-css-hggmw4 brz-wrapper\">\n<div class=\"brz-rich-text brz-rich-text__custom brz-css-p7jptv brz-css-1cxn3cu\" data-brz-custom-id=\"qOdNrZI6RuTU\">\n<div data-brz-translate-text=\"1\">\n<p class=\"brz-fsft-lg-0 brz-fwdth-lg-100 brz-vfw-lg-400 brz-lh-lg-1_9 brz-ls-lg-0 brz-fw-lg-400 brz-fss-lg-px brz-fs-lg-20 brz-ft-google brz-ff-barlow_condensed brz-tp-lg-empty brz-css-zwXE4\" data-uniq-id=\"egwHJ\" data-generated-css=\"brz-css-mwVs_\"><span class=\"brz-cp-color8\">LF M\u00c9TAL con\u00e7oit, fabrique et pose des <\/span><strong class=\"brz-cp-color8\">escaliers droits, tournants ou h\u00e9lico\u00efdaux<\/strong><span class=\"brz-cp-color8\">, adapt\u00e9s \u00e0 votre environnement.<\/span> <span class=\"brz-cp-color8\">Nous r\u00e9alisons \u00e9galement des <\/span><strong class=\"brz-cp-color8\">garde-corps int\u00e9rieurs et ext\u00e9rieurs<\/strong><span class=\"brz-cp-color8\">, alliant s\u00e9curit\u00e9 et esth\u00e9tique.<\/span> <span class=\"brz-cp-color8\">&nbsp;Notre savoir-faire nous permet de vous conseiller dans le choix des formes, des finitions et des mat\u00e9riaux<\/span><strong class=\"brz-cp-color8\">&nbsp;<\/strong><span class=\"brz-cp-color8\">afin d\u2019assurer une parfaite harmonie avec votre espace existant.<\/span> <span class=\"brz-cp-color8\">L\u2019entreprise fabrique aussi diff\u00e9rents ouvrages sur mesure tels que <\/span><strong class=\"brz-cp-color8\">pergolas, carports, marquises, grilles de fen\u00eatres<\/strong><span class=\"brz-cp-color8\"> et bien d\u2019autres \u00e9quipements m\u00e9talliques personnalis\u00e9s.<\/span> <span class=\"brz-cp-color8\">Nos r\u00e9alisations sont con\u00e7ues dans les mat\u00e9riaux les plus adapt\u00e9s \u00e0 vos besoins : <\/span><strong class=\"brz-cp-color8\">acier peint, verni ou galvanis\u00e9, acier inoxydable ou aluminium<\/strong><\/p>\n<\/div>\n<\/div>\n<\/div>\n<div id=\"\" class=\"brz-css-1hxhm7d brz-css-h5pd63 brz-css-1353f9f brz-wrapper\">\n<div class=\"brz-spacer brz-css-1j3l4z9 brz-css-9ca58w\"><\/div>\n<\/div>\n<\/div>\n<\/div>\n<div class=\"brz-columns brz-css-s4p60o brz-css-3w9v3r\" data-brz-custom-id=\"a4EFaTHTnJge\">\n<div class=\"brz-column__items brz-css-1uk7agu brz-css-1jylw2i\">\n<div id=\"\" class=\"brz-css-1hxhm7d brz-css-yayo45 brz-wrapper fade-in-left\">\n<div class=\"brz-image brz-css-tk3aay brz-css-1s5yekh\" data-brz-custom-id=\"uCUOMyCfqlie\"><img decoding=\"async\" class=\"brz-img\" src=\"https:\/\/www.lf-metal.fr\/wp-content\/uploads\/brizy\/imgs\/FB_IMG_1760989256244-469x625x15x0x438x625x1761731713.jpg\" loading=\"lazy\" title=\"\"><\/div>\n<\/div>\n<\/div>\n<\/div>\n<\/div>\n<\/div>\n<\/div>\n<\/div>\n<\/section><\/div>\n<p><!-- version:1765631455 --><\/p>\n","protected":false},"excerpt":{"rendered":"<p>NOS PRESTATIONS Chaudronnerie industrielle LF M\u00c9TAL assure la&nbsp;modification, la r\u00e9paration ou la fabrication sur mesure de vos ouvrages chaudronn\u00e9s. Nous intervenons sur diff\u00e9rents types de r\u00e9alisations telles que petites cuves, silos (jusqu\u2019\u00e0 3 m\u00e8tres de hauteur pour une fabrication \u00e0 neuf), tr\u00e9mies, auges, carters de s\u00e9curit\u00e9, \u00e9l\u00e9ments de tuyauterie, ch\u00e2ssis de machines ou autres besoins [&hellip;]<\/p>\n","protected":false},"author":1,"featured_media":0,"parent":0,"menu_order":0,"comment_status":"closed","ping_status":"closed","template":"brizy-blank-template.php","meta":{"footnotes":""},"class_list":["post-354","page","type-page","status-publish","hentry"],"blocksy_meta":[],"brizy_media":[{"id":104,"url":"https:\/\/www.lf-metal.fr\/wp-content\/uploads\/2025\/10\/20240725_105646.jpg","name":"20240725_105646.jpg","meta":{"brizy_attachment_uid":"wp-8c9b728f4d66493b9881aa973201f39d.jpg","brizy_post_uid":["d0dd177737d0dbb71f155c956e604d86","dae4c66e5a1b454ac0f408664e3f7d1c"]}},{"id":107,"url":"https:\/\/www.lf-metal.fr\/wp-content\/uploads\/2025\/10\/20240725_110006.jpg","name":"20240725_110006.jpg","meta":{"brizy_attachment_uid":"wp-ba244bc4e5174ac0f1cc027c5a4067b2.jpg","brizy_post_uid":["d0dd177737d0dbb71f155c956e604d86"]}},{"id":110,"url":"https:\/\/www.lf-metal.fr\/wp-content\/uploads\/2025\/10\/20240725_160826.jpg","name":"20240725_160826.jpg","meta":{"brizy_attachment_uid":"wp-c5d36c4806af6bef83f8ba43e1b3b1a3.jpg","brizy_post_uid":["d0dd177737d0dbb71f155c956e604d86"]}},{"id":112,"url":"https:\/\/www.lf-metal.fr\/wp-content\/uploads\/2025\/10\/20240730_185338-e1761736675468.jpg","name":"20240730_185338.jpg","meta":{"brizy_attachment_uid":"wp-3f1700c90119632407f150939097b16a.jpg","brizy_post_uid":["dae4c66e5a1b454ac0f408664e3f7d1c","d0dd177737d0dbb71f155c956e604d86"]}},{"id":113,"url":"https:\/\/www.lf-metal.fr\/wp-content\/uploads\/2025\/10\/20241018_100624-e1761735140262.jpg","name":"20241018_100624.jpg","meta":{"brizy_attachment_uid":"wp-ecf484a037e3d5659df95cebf7b87234.jpg","brizy_post_uid":["dae4c66e5a1b454ac0f408664e3f7d1c","d0dd177737d0dbb71f155c956e604d86"]}},{"id":116,"url":"https:\/\/www.lf-metal.fr\/wp-content\/uploads\/2025\/10\/20241023_085337.jpg","name":"20241023_085337.jpg","meta":{"brizy_attachment_uid":"wp-f81c984891dafc9e0d44f77b010480e8.jpg","brizy_post_uid":["d0dd177737d0dbb71f155c956e604d86"]}},{"id":119,"url":"https:\/\/www.lf-metal.fr\/wp-content\/uploads\/2025\/10\/20241024_171421.jpg","name":"20241024_171421.jpg","meta":{"brizy_attachment_uid":"wp-8142fae4b8bcd045e7b8d6ac9c92f002.jpg","brizy_post_uid":["dae4c66e5a1b454ac0f408664e3f7d1c","d0dd177737d0dbb71f155c956e604d86"]}},{"id":120,"url":"https:\/\/www.lf-metal.fr\/wp-content\/uploads\/2025\/10\/FB_IMG_1760989221040.jpg","name":"FB_IMG_1760989221040.jpg","meta":{"brizy_attachment_uid":"wp-f5a2e2513aec1b6965a417e04474259c.jpg","brizy_post_uid":["d0dd177737d0dbb71f155c956e604d86"]}},{"id":121,"url":"https:\/\/www.lf-metal.fr\/wp-content\/uploads\/2025\/10\/FB_IMG_1760989231281.jpg","name":"FB_IMG_1760989231281.jpg","meta":{"brizy_attachment_uid":"wp-dc4116ecaeeb2b7027bfc961fc4b0863.jpg","brizy_post_uid":["d0dd177737d0dbb71f155c956e604d86","dae4c66e5a1b454ac0f408664e3f7d1c"]}},{"id":122,"url":"https:\/\/www.lf-metal.fr\/wp-content\/uploads\/2025\/10\/FB_IMG_1760989256244.jpg","name":"FB_IMG_1760989256244.jpg","meta":{"brizy_attachment_uid":"wp-4d6fec8dafb86020d2418f510501bd55.jpg","brizy_post_uid":["dae4c66e5a1b454ac0f408664e3f7d1c","d0dd177737d0dbb71f155c956e604d86"]}},{"id":123,"url":"https:\/\/www.lf-metal.fr\/wp-content\/uploads\/2025\/10\/FB_IMG_1760989262182.jpg","name":"FB_IMG_1760989262182.jpg","meta":{"brizy_attachment_uid":"wp-4f6ab3394bf609e61327f36ca9abcc81.jpg","brizy_post_uid":["d0dd177737d0dbb71f155c956e604d86"]}},{"id":124,"url":"https:\/\/www.lf-metal.fr\/wp-content\/uploads\/2025\/10\/IMG_20250211_145710.jpg","name":"IMG_20250211_145710.jpg","meta":{"brizy_attachment_uid":"wp-efc79d80001cbb476217994d01701310.jpg","brizy_post_uid":["d0dd177737d0dbb71f155c956e604d86"]}},{"id":125,"url":"https:\/\/www.lf-metal.fr\/wp-content\/uploads\/2025\/10\/IMG_20250211_145822.jpg","name":"IMG_20250211_145822.jpg","meta":{"brizy_attachment_uid":"wp-1a25ed898054674bbb40e9800e00af14.jpg","brizy_post_uid":["d0dd177737d0dbb71f155c956e604d86"]}},{"id":130,"url":"https:\/\/www.lf-metal.fr\/wp-content\/uploads\/2025\/10\/IMG_20250806_161616.jpg","name":"IMG_20250806_161616.jpg","meta":{"brizy_attachment_uid":"wp-00ef92f48487d6e699933dbd8c07f776.jpg","brizy_post_uid":["dae4c66e5a1b454ac0f408664e3f7d1c","d0dd177737d0dbb71f155c956e604d86"]}},{"id":131,"url":"https:\/\/www.lf-metal.fr\/wp-content\/uploads\/2025\/10\/IMG_20250806_224426.jpg","name":"IMG_20250806_224426.jpg","meta":{"brizy_attachment_uid":"wp-18b7014106b7c81aedc84a5f9cd97e86.jpg","brizy_post_uid":["dae4c66e5a1b454ac0f408664e3f7d1c","d0dd177737d0dbb71f155c956e604d86"]}},{"id":135,"url":"https:\/\/www.lf-metal.fr\/wp-content\/uploads\/2025\/10\/IMG_20251020_184421-3.jpg","name":"IMG_20251020_184421-3.jpg","meta":{"brizy_attachment_uid":"wp-6fd1f4402744a27a40e078dc44fe4e32.jpg","brizy_post_uid":["d0dd177737d0dbb71f155c956e604d86","dae4c66e5a1b454ac0f408664e3f7d1c"]}},{"id":139,"url":"https:\/\/www.lf-metal.fr\/wp-content\/uploads\/2025\/10\/IMG_20251020_184422-1.jpg","name":"IMG_20251020_184422-1.jpg","meta":{"brizy_attachment_uid":"wp-dbd2e6537003b24715f4f2da1057848a.jpg","brizy_post_uid":["d0dd177737d0dbb71f155c956e604d86"]}},{"id":144,"url":"https:\/\/www.lf-metal.fr\/wp-content\/uploads\/2025\/10\/IMG_20251020_184422.jpg","name":"IMG_20251020_184422.jpg","meta":{"brizy_attachment_uid":"wp-f75b8f0704f023c5ae916bc440958fe1.jpg","brizy_post_uid":["d0dd177737d0dbb71f155c956e604d86","dae4c66e5a1b454ac0f408664e3f7d1c"]}},{"id":388,"url":"https:\/\/www.lf-metal.fr\/wp-content\/uploads\/2025\/12\/image.png","name":"image.png","meta":{"brizy_attachment_uid":"wp-31ab825ec6dd51f0e68a87ae65407ead.png","brizy_post_uid":["dae4c66e5a1b454ac0f408664e3f7d1c","d0dd177737d0dbb71f155c956e604d86"]}},{"id":476,"url":"https:\/\/www.lf-metal.fr\/wp-content\/uploads\/2026\/02\/WhatsApp-Image-2026-01-25-at-18.52.07.jpeg","name":"WhatsApp-Image-2026-01-25-at-18.52.07.jpeg","meta":{"brizy_attachment_uid":"wp-7d31b449bc8dcff2b72cbb32dd3bb942.jpeg","brizy_post_uid":["d0dd177737d0dbb71f155c956e604d86"]}},{"id":478,"url":"https:\/\/www.lf-metal.fr\/wp-content\/uploads\/2026\/02\/WhatsApp-Image-2026-01-25-at-18.52.06.jpeg","name":"WhatsApp-Image-2026-01-25-at-18.52.06.jpeg","meta":{"brizy_attachment_uid":"wp-95c3fba793231b622e91f1d46a77734f.jpeg","brizy_post_uid":["d0dd177737d0dbb71f155c956e604d86","dae4c66e5a1b454ac0f408664e3f7d1c"]}}],"_links":{"self":[{"href":"https:\/\/www.lf-metal.fr\/index.php?rest_route=\/wp\/v2\/pages\/354","targetHints":{"allow":["GET"]}}],"collection":[{"href":"https:\/\/www.lf-metal.fr\/index.php?rest_route=\/wp\/v2\/pages"}],"about":[{"href":"https:\/\/www.lf-metal.fr\/index.php?rest_route=\/wp\/v2\/types\/page"}],"author":[{"embeddable":true,"href":"https:\/\/www.lf-metal.fr\/index.php?rest_route=\/wp\/v2\/users\/1"}],"replies":[{"embeddable":true,"href":"https:\/\/www.lf-metal.fr\/index.php?rest_route=%2Fwp%2Fv2%2Fcomments&post=354"}],"version-history":[{"count":3,"href":"https:\/\/www.lf-metal.fr\/index.php?rest_route=\/wp\/v2\/pages\/354\/revisions"}],"predecessor-version":[{"id":399,"href":"https:\/\/www.lf-metal.fr\/index.php?rest_route=\/wp\/v2\/pages\/354\/revisions\/399"}],"wp:attachment":[{"href":"https:\/\/www.lf-metal.fr\/index.php?rest_route=%2Fwp%2Fv2%2Fmedia&parent=354"}],"curies":[{"name":"wp","href":"https:\/\/api.w.org\/{rel}","templated":true}]}}